{"id":2515,"date":"2022-11-23T12:40:20","date_gmt":"2022-11-23T11:40:20","guid":{"rendered":"https:\/\/dpehrtest.pitagoras.robotkireczne.com\/?page_id=2515"},"modified":"2025-09-22T10:02:52","modified_gmt":"2025-09-22T08:02:52","slug":"sitemap","status":"publish","type":"page","link":"https:\/\/dpehrtest.pitagoras.robotkireczne.com\/en\/sitemap\/","title":{"rendered":"Sitemap"},"content":{"rendered":"\t\t<div data-elementor-type=\"wp-page\" data-elementor-id=\"2515\" class=\"elementor elementor-2515\" data-elementor-post-type=\"page\">\n\t\t\t\t<div class=\"elementor-element elementor-element-01122e7 e-con-full e-flex e-con e-parent\" data-id=\"01122e7\" data-element_type=\"container\" data-settings=\"{&quot;background_background&quot;:&quot;classic&quot;}\">\n\t\t<div class=\"elementor-element elementor-element-2e8791c e-con-full e-flex e-con e-child\" data-id=\"2e8791c\" data-element_type=\"container\">\n\t\t\t\t<\/div>\n\t\t\t\t<\/div>\n\t\t<div class=\"elementor-element elementor-element-87ef984 e-flex e-con-boxed e-con e-parent\" data-id=\"87ef984\" data-element_type=\"container\">\n\t\t\t\t\t<div class=\"e-con-inner\">\n\t\t\t\t<div class=\"elementor-element elementor-element-a377ead elementor-widget elementor-widget-global elementor-global-3418 elementor-widget-jet-breadcrumbs\" data-id=\"a377ead\" data-element_type=\"widget\" data-widget_type=\"jet-breadcrumbs.default\">\n\t\t\t\t<div class=\"elementor-widget-container\">\n\t\t\t\t\t<div class=\"elementor-jet-breadcrumbs jet-blocks\">\n\t\t<div class=\"jet-breadcrumbs\">\n\t\t<div class=\"jet-breadcrumbs__content\">\n\t\t<div class=\"jet-breadcrumbs__wrap\"><div class=\"jet-breadcrumbs__item\"><a href=\"https:\/\/dpehrtest.pitagoras.robotkireczne.com\/en\/\" class=\"jet-breadcrumbs__item-link is-home\" rel=\"home\" title=\"Home\">Home<\/a><\/div>\n\t\t<\/div>\n\t\t<\/div>\n\t\t<\/div><\/div>\t\t\t\t<\/div>\n\t\t\t\t<\/div>\n\t\t<div class=\"elementor-element elementor-element-db9832f e-con-full e-flex e-con e-child\" data-id=\"db9832f\" data-element_type=\"container\">\n\t\t\t\t<div class=\"elementor-element elementor-element-6878eea elementor-widget elementor-widget-text-editor\" data-id=\"6878eea\" data-element_type=\"widget\" data-widget_type=\"text-editor.default\">\n\t\t\t\t<div class=\"elementor-widget-container\">\n\t\t\t\t\t\t\t\t\t<h2>Pages<\/h2><ul><li style=\"list-style-type: none;\"><ul><li>Homepage<\/li><li><a class=\"menu-link main-menu-link\">House construction<\/a><\/li><li>Projects<\/li><li>Plots<\/li><li><a class=\"menu-link main-menu-link\">Delivered houses<\/a><\/li><li>Learning hub<\/li><li>Contact<\/li><li>Free estimate<\/li><\/ul><\/li><\/ul>\t\t\t\t\t\t\t\t<\/div>\n\t\t\t\t<\/div>\n\t\t\t\t<div class=\"elementor-element elementor-element-847718c elementor-widget elementor-widget-sitemap\" data-id=\"847718c\" data-element_type=\"widget\" data-widget_type=\"sitemap.default\">\n\t\t\t\t<div class=\"elementor-widget-container\">\n\t\t\t\t\t<div class=\"elementor-sitemap-wrap\"><div class=\"elementor-sitemap-section\"><h2 class=\"elementor-sitemap-title elementor-sitemap-projects-title\">Projects<\/h2><ul class=\"elementor-sitemap-list elementor-sitemap-projects-list\"><li class=\"elementor-sitemap-item elementor-sitemap-item-projects page_item page-item-24518\"><a href=\"https:\/\/dpehrtest.pitagoras.robotkireczne.com\/en\/projects\/adriatic-1\/\">ADRIATIC 1<\/a><\/li><li class=\"elementor-sitemap-item elementor-sitemap-item-projects page_item page-item-24539\"><a href=\"https:\/\/dpehrtest.pitagoras.robotkireczne.com\/en\/projects\/adriatic-10\/\">ADRIATIC 10<\/a><\/li><li class=\"elementor-sitemap-item elementor-sitemap-item-projects page_item page-item-24620\"><a href=\"https:\/\/dpehrtest.pitagoras.robotkireczne.com\/en\/projects\/adriatic-11\/\">ADRIATIC 11<\/a><\/li><li class=\"elementor-sitemap-item elementor-sitemap-item-projects page_item page-item-24572\"><a href=\"https:\/\/dpehrtest.pitagoras.robotkireczne.com\/en\/projects\/adriatic-12\/\">ADRIATIC 12<\/a><\/li><li class=\"elementor-sitemap-item elementor-sitemap-item-projects page_item page-item-24564\"><a href=\"https:\/\/dpehrtest.pitagoras.robotkireczne.com\/en\/projects\/adriatic-13\/\">ADRIATIC 13<\/a><\/li><li class=\"elementor-sitemap-item elementor-sitemap-item-projects page_item page-item-24558\"><a href=\"https:\/\/dpehrtest.pitagoras.robotkireczne.com\/en\/projects\/adriatic-14\/\">ADRIATIC 14<\/a><\/li><li class=\"elementor-sitemap-item elementor-sitemap-item-projects page_item page-item-24651\"><a href=\"https:\/\/dpehrtest.pitagoras.robotkireczne.com\/en\/projects\/adriatic-15\/\">ADRIATIC 15<\/a><\/li><li class=\"elementor-sitemap-item elementor-sitemap-item-projects page_item page-item-24551\"><a href=\"https:\/\/dpehrtest.pitagoras.robotkireczne.com\/en\/projects\/adriatic-16\/\">ADRIATIC 16<\/a><\/li><li class=\"elementor-sitemap-item elementor-sitemap-item-projects page_item page-item-24511\"><a href=\"https:\/\/dpehrtest.pitagoras.robotkireczne.com\/en\/projects\/adriatic-17\/\">ADRIATIC 17<\/a><\/li><li class=\"elementor-sitemap-item elementor-sitemap-item-projects page_item page-item-24641\"><a href=\"https:\/\/dpehrtest.pitagoras.robotkireczne.com\/en\/projects\/adriatic-18\/\">ADRIATIC 18<\/a><\/li><li class=\"elementor-sitemap-item elementor-sitemap-item-projects page_item page-item-24606\"><a href=\"https:\/\/dpehrtest.pitagoras.robotkireczne.com\/en\/projects\/adriatic-19\/\">ADRIATIC 19<\/a><\/li><li class=\"elementor-sitemap-item elementor-sitemap-item-projects page_item page-item-24628\"><a href=\"https:\/\/dpehrtest.pitagoras.robotkireczne.com\/en\/projects\/adriatic-2\/\">ADRIATIC 2<\/a><\/li><li class=\"elementor-sitemap-item elementor-sitemap-item-projects page_item page-item-24545\"><a href=\"https:\/\/dpehrtest.pitagoras.robotkireczne.com\/en\/projects\/adriatic-20\/\">ADRIATIC 20<\/a><\/li><li class=\"elementor-sitemap-item elementor-sitemap-item-projects page_item page-item-24633\"><a href=\"https:\/\/dpehrtest.pitagoras.robotkireczne.com\/en\/projects\/adriatic-21\/\">ADRIATIC 21<\/a><\/li><li class=\"elementor-sitemap-item elementor-sitemap-item-projects page_item page-item-16610\"><a href=\"https:\/\/dpehrtest.pitagoras.robotkireczne.com\/en\/projects\/adriatic-22\/\">ADRIATIC 22<\/a><\/li><li class=\"elementor-sitemap-item elementor-sitemap-item-projects page_item page-item-24613\"><a href=\"https:\/\/dpehrtest.pitagoras.robotkireczne.com\/en\/projects\/adriatic-3\/\">ADRIATIC 3<\/a><\/li><li class=\"elementor-sitemap-item elementor-sitemap-item-projects page_item page-item-24597\"><a href=\"https:\/\/dpehrtest.pitagoras.robotkireczne.com\/en\/projects\/adriatic-4\/\">ADRIATIC 4<\/a><\/li><li class=\"elementor-sitemap-item elementor-sitemap-item-projects page_item page-item-24588\"><a href=\"https:\/\/dpehrtest.pitagoras.robotkireczne.com\/en\/projects\/adriatic-5\/\">ADRIATIC 5<\/a><\/li><li class=\"elementor-sitemap-item elementor-sitemap-item-projects page_item page-item-24580\"><a href=\"https:\/\/dpehrtest.pitagoras.robotkireczne.com\/en\/projects\/adriatic-6\/\">ADRIATIC 6<\/a><\/li><li class=\"elementor-sitemap-item elementor-sitemap-item-projects page_item page-item-24525\"><a href=\"https:\/\/dpehrtest.pitagoras.robotkireczne.com\/en\/projects\/adriatic-7\/\">ADRIATIC 7<\/a><\/li><li class=\"elementor-sitemap-item elementor-sitemap-item-projects page_item page-item-24531\"><a href=\"https:\/\/dpehrtest.pitagoras.robotkireczne.com\/en\/projects\/adriatic-8\/\">ADRIATIC 8<\/a><\/li><li class=\"elementor-sitemap-item elementor-sitemap-item-projects page_item page-item-24491\"><a href=\"https:\/\/dpehrtest.pitagoras.robotkireczne.com\/en\/projects\/adriatic-9\/\">ADRIATIC 9<\/a><\/li><li class=\"elementor-sitemap-item elementor-sitemap-item-projects page_item page-item-24658\"><a href=\"https:\/\/dpehrtest.pitagoras.robotkireczne.com\/en\/projects\/eco-63\/\">ECO 63<\/a><\/li><li class=\"elementor-sitemap-item elementor-sitemap-item-projects page_item page-item-28057\"><a href=\"https:\/\/dpehrtest.pitagoras.robotkireczne.com\/en\/projects\/eco-71\/\">ECO 71<\/a><\/li><li class=\"elementor-sitemap-item elementor-sitemap-item-projects page_item page-item-18050\"><a href=\"https:\/\/dpehrtest.pitagoras.robotkireczne.com\/en\/projects\/eco-98-flow\/\">ECO 98 Flow<\/a><\/li><li class=\"elementor-sitemap-item elementor-sitemap-item-projects page_item page-item-1341\"><a href=\"https:\/\/dpehrtest.pitagoras.robotkireczne.com\/en\/projects\/golf\/\">Golf<\/a><\/li><li class=\"elementor-sitemap-item elementor-sitemap-item-projects page_item page-item-21064\"><a href=\"https:\/\/dpehrtest.pitagoras.robotkireczne.com\/en\/projects\/innovator\/\">Innovator<\/a><\/li><li class=\"elementor-sitemap-item elementor-sitemap-item-projects page_item page-item-1340\"><a href=\"https:\/\/dpehrtest.pitagoras.robotkireczne.com\/en\/projects\/judo\/\">Judo<\/a><\/li><li class=\"elementor-sitemap-item elementor-sitemap-item-projects page_item page-item-21056\"><a href=\"https:\/\/dpehrtest.pitagoras.robotkireczne.com\/en\/projects\/maverick\/\">Maverick<\/a><\/li><li class=\"elementor-sitemap-item elementor-sitemap-item-projects page_item page-item-21062\"><a href=\"https:\/\/dpehrtest.pitagoras.robotkireczne.com\/en\/projects\/vanguard\/\">Vanguard<\/a><\/li><\/ul><\/div><div class=\"elementor-sitemap-section\"><h2 class=\"elementor-sitemap-title elementor-sitemap-plots-title\">Plots<\/h2><span class=\"elementor-sitemap-list elementor-sitemap-plots-list\">None<\/span><\/div><div class=\"elementor-sitemap-section\"><h2 class=\"elementor-sitemap-title elementor-sitemap-delivered-houses-title\">Delivered houses<\/h2><ul class=\"elementor-sitemap-list elementor-sitemap-delivered-houses-list\"><li class=\"elementor-sitemap-item elementor-sitemap-item-delivered-houses page_item page-item-24391\"><a href=\"https:\/\/dpehrtest.pitagoras.robotkireczne.com\/en\/delivered-houses\/double-storey-house-with-envelope-roof-and-garage\/\">Double-storey house with envelope roof and garage<\/a><\/li><li class=\"elementor-sitemap-item elementor-sitemap-item-delivered-houses page_item page-item-24394\"><a href=\"https:\/\/dpehrtest.pitagoras.robotkireczne.com\/en\/delivered-houses\/house-with-a-usable-attic-envelope-roof-and-garage-less-than-320-m2\/\">House with a usable attic, envelope roof and garage less than 320 m2<\/a><\/li><li class=\"elementor-sitemap-item elementor-sitemap-item-delivered-houses page_item page-item-24406\"><a href=\"https:\/\/dpehrtest.pitagoras.robotkireczne.com\/en\/delivered-houses\/house-with-usable-attic-gable-roof-and-garage-less-than-110-m2\/\">House with usable attic, gable roof and garage less than 110 m2<\/a><\/li><li class=\"elementor-sitemap-item elementor-sitemap-item-delivered-houses page_item page-item-24396\"><a href=\"https:\/\/dpehrtest.pitagoras.robotkireczne.com\/en\/delivered-houses\/single-storey-house-with-a-usable-attic-and-a-gable-roof\/\">Single-storey house with a usable attic and a gable roof<\/a><\/li><li class=\"elementor-sitemap-item elementor-sitemap-item-delivered-houses page_item page-item-24400\"><a href=\"https:\/\/dpehrtest.pitagoras.robotkireczne.com\/en\/delivered-houses\/single-storey-house-with-an-envelope-roof-over-70-m2\/\">Single-storey house with an envelope roof over 70 m2<\/a><\/li><li class=\"elementor-sitemap-item elementor-sitemap-item-delivered-houses page_item page-item-24412\"><a href=\"https:\/\/dpehrtest.pitagoras.robotkireczne.com\/en\/delivered-houses\/single-storey-house-with-envelope-roof\/\">Single-storey house with envelope roof<\/a><\/li><li class=\"elementor-sitemap-item elementor-sitemap-item-delivered-houses page_item page-item-24414\"><a href=\"https:\/\/dpehrtest.pitagoras.robotkireczne.com\/en\/delivered-houses\/single-storey-house-with-envelope-roof-and-garage-2\/\">Single-storey house with envelope roof and garage<\/a><\/li><li class=\"elementor-sitemap-item elementor-sitemap-item-delivered-houses page_item page-item-24422\"><a href=\"https:\/\/dpehrtest.pitagoras.robotkireczne.com\/en\/delivered-houses\/single-storey-house-with-envelope-roof-and-garage-3\/\">Single-storey house with envelope roof and garage<\/a><\/li><li class=\"elementor-sitemap-item elementor-sitemap-item-delivered-houses page_item page-item-24398\"><a href=\"https:\/\/dpehrtest.pitagoras.robotkireczne.com\/en\/delivered-houses\/storey-house-with-envelope-roof\/\">Storey house with envelope roof<\/a><\/li><li class=\"elementor-sitemap-item elementor-sitemap-item-delivered-houses page_item page-item-24424\"><a href=\"https:\/\/dpehrtest.pitagoras.robotkireczne.com\/en\/delivered-houses\/storey-house-with-envelope-roof-2\/\">Storey house with envelope roof<\/a><\/li><li class=\"elementor-sitemap-item elementor-sitemap-item-delivered-houses page_item page-item-24426\"><a href=\"https:\/\/dpehrtest.pitagoras.robotkireczne.com\/en\/delivered-houses\/storey-house-with-flat-roof-and-garage-almost-230-m2\/\">Storey house with flat roof and garage almost 230 m2<\/a><\/li><li class=\"elementor-sitemap-item elementor-sitemap-item-delivered-houses page_item page-item-24408\"><a href=\"https:\/\/dpehrtest.pitagoras.robotkireczne.com\/en\/delivered-houses\/two-storey-house-with-envelope-roof-and-garage\/\">Two-storey house with envelope roof and garage<\/a><\/li><li class=\"elementor-sitemap-item elementor-sitemap-item-delivered-houses page_item page-item-24416\"><a href=\"https:\/\/dpehrtest.pitagoras.robotkireczne.com\/en\/delivered-houses\/two-storey-house-with-envelope-roof-and-garage-2\/\">Two-storey house with envelope roof and garage<\/a><\/li><li class=\"elementor-sitemap-item elementor-sitemap-item-delivered-houses page_item page-item-24418\"><a href=\"https:\/\/dpehrtest.pitagoras.robotkireczne.com\/en\/delivered-houses\/two-storey-house-with-envelope-roof-and-garage-3\/\">Two-storey house with envelope roof and garage<\/a><\/li><li class=\"elementor-sitemap-item elementor-sitemap-item-delivered-houses page_item page-item-24410\"><a href=\"https:\/\/dpehrtest.pitagoras.robotkireczne.com\/en\/delivered-houses\/two-storey-house-with-flat-roof-and-garage\/\">Two-storey house with flat roof and garage<\/a><\/li><li class=\"elementor-sitemap-item elementor-sitemap-item-delivered-houses page_item page-item-24420\"><a href=\"https:\/\/dpehrtest.pitagoras.robotkireczne.com\/en\/delivered-houses\/two-storey-house-with-flat-roof-and-garage-2\/\">Two-storey house with flat roof and garage<\/a><\/li><li class=\"elementor-sitemap-item elementor-sitemap-item-delivered-houses page_item page-item-24388\"><a href=\"https:\/\/dpehrtest.pitagoras.robotkireczne.com\/en\/delivered-houses\/two-story-house-with-flat-roof-and-garage\/\">Two-story house with flat roof and garage<\/a><\/li><\/ul><\/div><div class=\"elementor-sitemap-section\"><h2 class=\"elementor-sitemap-title elementor-sitemap-post-title\">Learning hub<\/h2><ul class=\"elementor-sitemap-list elementor-sitemap-post-list\"><li class=\"elementor-sitemap-item elementor-sitemap-item-post page_item page-item-24383\"><a href=\"https:\/\/dpehrtest.pitagoras.robotkireczne.com\/en\/learning-hub\/construction-contract-your-blueprint-for-building-in-croatia\/\">Construction Contract: Your Blueprint for Building in Croatia<\/a><\/li><li class=\"elementor-sitemap-item elementor-sitemap-item-post page_item page-item-24378\"><a href=\"https:\/\/dpehrtest.pitagoras.robotkireczne.com\/en\/learning-hub\/general-contractor-vs-diy-building-your-home-in-croatia\/\">General Contractor vs. DIY: Building Your Home in Croatia<\/a><\/li><li class=\"elementor-sitemap-item elementor-sitemap-item-post page_item page-item-24375\"><a href=\"https:\/\/dpehrtest.pitagoras.robotkireczne.com\/en\/learning-hub\/how-to-obtain-a-building-permit-for-your-home-in-croatia\/\">How to Obtain a Building Permit for Your Home in Croatia<\/a><\/li><\/ul><\/div><\/div>\t\t\t\t<\/div>\n\t\t\t\t<\/div>\n\t\t\t\t<\/div>\n\t\t\t\t\t<\/div>\n\t\t\t\t<\/div>\n\t\t\t\t<\/div>\n\t\t","protected":false},"excerpt":{"rendered":"<p>Home Pages Homepage House construction Projects Plots Delivered houses Learning hub Contact Free estimate<\/p>\n","protected":false},"author":1,"featured_media":0,"parent":0,"menu_order":0,"comment_status":"closed","ping_status":"closed","template":"","meta":{"_acf_changed":false,"footnotes":""},"class_list":["post-2515","page","type-page","status-publish","hentry"],"acf":[],"metraz":null,"cena-netto-za-m2":null,"construction-cost":null,"floor-area":null,"net-price-from":null,"net-price-per-m2":null,"yoast_head":"<!-- This site is optimized with the Yoast SEO plugin v26.2 - https:\/\/yoast.com\/wordpress\/plugins\/seo\/ -->\n<title>Sitemap &#8211; Domus Navitas<\/title>\n<meta name=\"description\" content=\"Znajd\u017a szybko to, czego szukasz. Przejrzysta i intuicyjna mapa strony pozwoli na nawigacj\u0119 po wszystkich sekcjach witryny. Sprawd\u017a!\" \/>\n<meta name=\"robots\" content=\"index, follow, max-snippet:-1, max-image-preview:large, max-video-preview:-1\" \/>\n<link rel=\"canonical\" href=\"https:\/\/dpehrtest.pitagoras.robotkireczne.com\/en\/sitemap\/\" \/>\n<meta property=\"og:locale\" content=\"en_US\" \/>\n<meta property=\"og:type\" content=\"article\" \/>\n<meta property=\"og:title\" content=\"Sitemap &#8211; Domus Navitas\" \/>\n<meta property=\"og:description\" content=\"Znajd\u017a szybko to, czego szukasz. Przejrzysta i intuicyjna mapa strony pozwoli na nawigacj\u0119 po wszystkich sekcjach witryny. Sprawd\u017a!\" \/>\n<meta property=\"og:url\" content=\"https:\/\/dpehrtest.pitagoras.robotkireczne.com\/en\/sitemap\/\" \/>\n<meta property=\"og:site_name\" content=\"Domus Navitas\" \/>\n<meta property=\"article:modified_time\" content=\"2025-09-22T08:02:52+00:00\" \/>\n<meta name=\"twitter:card\" content=\"summary_large_image\" \/>\n<meta name=\"twitter:label1\" content=\"Est. reading time\" \/>\n\t<meta name=\"twitter:data1\" content=\"2 minutes\" \/>\n<script type=\"application\/ld+json\" class=\"yoast-schema-graph\">{\"@context\":\"https:\/\/schema.org\",\"@graph\":[{\"@type\":\"WebPage\",\"@id\":\"https:\/\/dpehrtest.pitagoras.robotkireczne.com\/en\/sitemap\/\",\"url\":\"https:\/\/dpehrtest.pitagoras.robotkireczne.com\/en\/sitemap\/\",\"name\":\"Sitemap &#8211; Domus Navitas\",\"isPartOf\":{\"@id\":\"https:\/\/dpehrtest.pitagoras.robotkireczne.com\/en\/#website\"},\"datePublished\":\"2022-11-23T11:40:20+00:00\",\"dateModified\":\"2025-09-22T08:02:52+00:00\",\"description\":\"Znajd\u017a szybko to, czego szukasz. Przejrzysta i intuicyjna mapa strony pozwoli na nawigacj\u0119 po wszystkich sekcjach witryny. Sprawd\u017a!\",\"breadcrumb\":{\"@id\":\"https:\/\/dpehrtest.pitagoras.robotkireczne.com\/en\/sitemap\/#breadcrumb\"},\"inLanguage\":\"en-US\",\"potentialAction\":[{\"@type\":\"ReadAction\",\"target\":[\"https:\/\/dpehrtest.pitagoras.robotkireczne.com\/en\/sitemap\/\"]}]},{\"@type\":\"BreadcrumbList\",\"@id\":\"https:\/\/dpehrtest.pitagoras.robotkireczne.com\/en\/sitemap\/#breadcrumb\",\"itemListElement\":[{\"@type\":\"ListItem\",\"position\":1,\"name\":\"Home\",\"item\":\"https:\/\/dpehrtest.pitagoras.robotkireczne.com\/en\/\"},{\"@type\":\"ListItem\",\"position\":2,\"name\":\"Sitemap\"}]},{\"@type\":\"WebSite\",\"@id\":\"https:\/\/dpehrtest.pitagoras.robotkireczne.com\/en\/#website\",\"url\":\"https:\/\/dpehrtest.pitagoras.robotkireczne.com\/en\/\",\"name\":\"Domus Navitas\",\"description\":\"\",\"publisher\":{\"@id\":\"https:\/\/dpehrtest.pitagoras.robotkireczne.com\/en\/#organization\"},\"potentialAction\":[{\"@type\":\"SearchAction\",\"target\":{\"@type\":\"EntryPoint\",\"urlTemplate\":\"https:\/\/dpehrtest.pitagoras.robotkireczne.com\/en\/?s={search_term_string}\"},\"query-input\":{\"@type\":\"PropertyValueSpecification\",\"valueRequired\":true,\"valueName\":\"search_term_string\"}}],\"inLanguage\":\"en-US\"},{\"@type\":\"Organization\",\"@id\":\"https:\/\/dpehrtest.pitagoras.robotkireczne.com\/en\/#organization\",\"name\":\"Domus Navitas j.d.o.o\",\"alternateName\":\"Domus Navitas\",\"url\":\"https:\/\/dpehrtest.pitagoras.robotkireczne.com\/en\/\",\"logo\":{\"@type\":\"ImageObject\",\"inLanguage\":\"en-US\",\"@id\":\"https:\/\/dpehrtest.pitagoras.robotkireczne.com\/en\/#\/schema\/logo\/image\/\",\"url\":\"https:\/\/dpehrtest.pitagoras.robotkireczne.com\/wp-content\/uploads\/logo_1.svg\",\"contentUrl\":\"https:\/\/dpehrtest.pitagoras.robotkireczne.com\/wp-content\/uploads\/logo_1.svg\",\"width\":379,\"height\":159,\"caption\":\"Domus Navitas j.d.o.o\"},\"image\":{\"@id\":\"https:\/\/dpehrtest.pitagoras.robotkireczne.com\/en\/#\/schema\/logo\/image\/\"}}]}<\/script>\n<!-- \/ Yoast SEO plugin. -->","yoast_head_json":{"title":"Sitemap &#8211; Domus Navitas","description":"Znajd\u017a szybko to, czego szukasz. Przejrzysta i intuicyjna mapa strony pozwoli na nawigacj\u0119 po wszystkich sekcjach witryny. Sprawd\u017a!","robots":{"index":"index","follow":"follow","max-snippet":"max-snippet:-1","max-image-preview":"max-image-preview:large","max-video-preview":"max-video-preview:-1"},"canonical":"https:\/\/dpehrtest.pitagoras.robotkireczne.com\/en\/sitemap\/","og_locale":"en_US","og_type":"article","og_title":"Sitemap &#8211; Domus Navitas","og_description":"Znajd\u017a szybko to, czego szukasz. Przejrzysta i intuicyjna mapa strony pozwoli na nawigacj\u0119 po wszystkich sekcjach witryny. Sprawd\u017a!","og_url":"https:\/\/dpehrtest.pitagoras.robotkireczne.com\/en\/sitemap\/","og_site_name":"Domus Navitas","article_modified_time":"2025-09-22T08:02:52+00:00","twitter_card":"summary_large_image","twitter_misc":{"Est. reading time":"2 minutes"},"schema":{"@context":"https:\/\/schema.org","@graph":[{"@type":"WebPage","@id":"https:\/\/dpehrtest.pitagoras.robotkireczne.com\/en\/sitemap\/","url":"https:\/\/dpehrtest.pitagoras.robotkireczne.com\/en\/sitemap\/","name":"Sitemap &#8211; Domus Navitas","isPartOf":{"@id":"https:\/\/dpehrtest.pitagoras.robotkireczne.com\/en\/#website"},"datePublished":"2022-11-23T11:40:20+00:00","dateModified":"2025-09-22T08:02:52+00:00","description":"Znajd\u017a szybko to, czego szukasz. Przejrzysta i intuicyjna mapa strony pozwoli na nawigacj\u0119 po wszystkich sekcjach witryny. Sprawd\u017a!","breadcrumb":{"@id":"https:\/\/dpehrtest.pitagoras.robotkireczne.com\/en\/sitemap\/#breadcrumb"},"inLanguage":"en-US","potentialAction":[{"@type":"ReadAction","target":["https:\/\/dpehrtest.pitagoras.robotkireczne.com\/en\/sitemap\/"]}]},{"@type":"BreadcrumbList","@id":"https:\/\/dpehrtest.pitagoras.robotkireczne.com\/en\/sitemap\/#breadcrumb","itemListElement":[{"@type":"ListItem","position":1,"name":"Home","item":"https:\/\/dpehrtest.pitagoras.robotkireczne.com\/en\/"},{"@type":"ListItem","position":2,"name":"Sitemap"}]},{"@type":"WebSite","@id":"https:\/\/dpehrtest.pitagoras.robotkireczne.com\/en\/#website","url":"https:\/\/dpehrtest.pitagoras.robotkireczne.com\/en\/","name":"Domus Navitas","description":"","publisher":{"@id":"https:\/\/dpehrtest.pitagoras.robotkireczne.com\/en\/#organization"},"potentialAction":[{"@type":"SearchAction","target":{"@type":"EntryPoint","urlTemplate":"https:\/\/dpehrtest.pitagoras.robotkireczne.com\/en\/?s={search_term_string}"},"query-input":{"@type":"PropertyValueSpecification","valueRequired":true,"valueName":"search_term_string"}}],"inLanguage":"en-US"},{"@type":"Organization","@id":"https:\/\/dpehrtest.pitagoras.robotkireczne.com\/en\/#organization","name":"Domus Navitas j.d.o.o","alternateName":"Domus Navitas","url":"https:\/\/dpehrtest.pitagoras.robotkireczne.com\/en\/","logo":{"@type":"ImageObject","inLanguage":"en-US","@id":"https:\/\/dpehrtest.pitagoras.robotkireczne.com\/en\/#\/schema\/logo\/image\/","url":"https:\/\/dpehrtest.pitagoras.robotkireczne.com\/wp-content\/uploads\/logo_1.svg","contentUrl":"https:\/\/dpehrtest.pitagoras.robotkireczne.com\/wp-content\/uploads\/logo_1.svg","width":379,"height":159,"caption":"Domus Navitas j.d.o.o"},"image":{"@id":"https:\/\/dpehrtest.pitagoras.robotkireczne.com\/en\/#\/schema\/logo\/image\/"}}]}},"_links":{"self":[{"href":"https:\/\/dpehrtest.pitagoras.robotkireczne.com\/en\/wp-json\/wp\/v2\/pages\/2515","targetHints":{"allow":["GET"]}}],"collection":[{"href":"https:\/\/dpehrtest.pitagoras.robotkireczne.com\/en\/wp-json\/wp\/v2\/pages"}],"about":[{"href":"https:\/\/dpehrtest.pitagoras.robotkireczne.com\/en\/wp-json\/wp\/v2\/types\/page"}],"author":[{"embeddable":true,"href":"https:\/\/dpehrtest.pitagoras.robotkireczne.com\/en\/wp-json\/wp\/v2\/users\/1"}],"replies":[{"embeddable":true,"href":"https:\/\/dpehrtest.pitagoras.robotkireczne.com\/en\/wp-json\/wp\/v2\/comments?post=2515"}],"version-history":[{"count":3,"href":"https:\/\/dpehrtest.pitagoras.robotkireczne.com\/en\/wp-json\/wp\/v2\/pages\/2515\/revisions"}],"predecessor-version":[{"id":27719,"href":"https:\/\/dpehrtest.pitagoras.robotkireczne.com\/en\/wp-json\/wp\/v2\/pages\/2515\/revisions\/27719"}],"wp:attachment":[{"href":"https:\/\/dpehrtest.pitagoras.robotkireczne.com\/en\/wp-json\/wp\/v2\/media?parent=2515"}],"curies":[{"name":"wp","href":"https:\/\/api.w.org\/{rel}","templated":true}]}}