{"id":27712,"date":"2022-11-23T12:40:20","date_gmt":"2022-11-23T11:40:20","guid":{"rendered":"https:\/\/dpehrtest.pitagoras.robotkireczne.com\/sitemap\/"},"modified":"2025-09-22T10:07:24","modified_gmt":"2025-09-22T08:07:24","slug":"sitemap","status":"publish","type":"page","link":"https:\/\/dpehrtest.pitagoras.robotkireczne.com\/de\/sitemap\/","title":{"rendered":"Sitemap"},"content":{"rendered":"\t\t<div data-elementor-type=\"wp-page\" data-elementor-id=\"27712\" class=\"elementor elementor-27712 elementor-2515\" data-elementor-post-type=\"page\">\n\t\t\t\t<div class=\"elementor-element elementor-element-01122e7 e-con-full e-flex e-con e-parent\" data-id=\"01122e7\" data-element_type=\"container\" data-settings=\"{&quot;background_background&quot;:&quot;classic&quot;}\">\n\t\t<div class=\"elementor-element elementor-element-2e8791c e-con-full e-flex e-con e-child\" data-id=\"2e8791c\" data-element_type=\"container\">\n\t\t\t\t<\/div>\n\t\t\t\t<\/div>\n\t\t<div class=\"elementor-element elementor-element-87ef984 e-flex e-con-boxed e-con e-parent\" data-id=\"87ef984\" data-element_type=\"container\">\n\t\t\t\t\t<div class=\"e-con-inner\">\n\t\t\t\t<div class=\"elementor-element elementor-element-a377ead elementor-widget elementor-widget-global elementor-global-3418 elementor-widget-jet-breadcrumbs\" data-id=\"a377ead\" data-element_type=\"widget\" data-widget_type=\"jet-breadcrumbs.default\">\n\t\t\t\t<div class=\"elementor-widget-container\">\n\t\t\t\t\t<div class=\"elementor-jet-breadcrumbs jet-blocks\">\n\t\t<div class=\"jet-breadcrumbs\">\n\t\t<div class=\"jet-breadcrumbs__content\">\n\t\t<div class=\"jet-breadcrumbs__wrap\"><div class=\"jet-breadcrumbs__item\"><a href=\"https:\/\/dpehrtest.pitagoras.robotkireczne.com\/de\/\" class=\"jet-breadcrumbs__item-link is-home\" rel=\"home\" title=\"Home\">Home<\/a><\/div>\n\t\t<\/div>\n\t\t<\/div>\n\t\t<\/div><\/div>\t\t\t\t<\/div>\n\t\t\t\t<\/div>\n\t\t<div class=\"elementor-element elementor-element-db9832f e-con-full e-flex e-con e-child\" data-id=\"db9832f\" data-element_type=\"container\">\n\t\t\t\t<div class=\"elementor-element elementor-element-6878eea elementor-widget elementor-widget-text-editor\" data-id=\"6878eea\" data-element_type=\"widget\" data-widget_type=\"text-editor.default\">\n\t\t\t\t<div class=\"elementor-widget-container\">\n\t\t\t\t\t\t\t\t\t<h2>Seiten<\/h2><ul><li style=\"list-style-type: none;\"><ul><li>Homepage<\/li><li><a class=\"menu-link main-menu-link\">Hausbau<\/a><\/li><li>Projekte<\/li><li>Baugrundst\u00fcck<\/li><li><a class=\"menu-link main-menu-link\">Gelieferte H\u00e4user<\/a><\/li><li>Lernzentrum<\/li><li>Kontakt<\/li><li>Kostenloser Kostenvoranschlag<\/li><\/ul><\/li><\/ul>\t\t\t\t\t\t\t\t<\/div>\n\t\t\t\t<\/div>\n\t\t\t\t<div class=\"elementor-element elementor-element-847718c elementor-widget elementor-widget-sitemap\" data-id=\"847718c\" data-element_type=\"widget\" data-widget_type=\"sitemap.default\">\n\t\t\t\t<div class=\"elementor-widget-container\">\n\t\t\t\t\t<div class=\"elementor-sitemap-wrap\"><div class=\"elementor-sitemap-section\"><h2 class=\"elementor-sitemap-title elementor-sitemap-projects-title\">Projekte<\/h2><ul class=\"elementor-sitemap-list elementor-sitemap-projects-list\"><li class=\"elementor-sitemap-item elementor-sitemap-item-projects page_item page-item-26357\"><a href=\"https:\/\/dpehrtest.pitagoras.robotkireczne.com\/de\/projekte\/adriatic-1\/\">ADRIATIC 1<\/a><\/li><li class=\"elementor-sitemap-item elementor-sitemap-item-projects page_item page-item-26388\"><a href=\"https:\/\/dpehrtest.pitagoras.robotkireczne.com\/de\/projekte\/adriatic-10\/\">ADRIATIC 10<\/a><\/li><li class=\"elementor-sitemap-item elementor-sitemap-item-projects page_item page-item-26395\"><a href=\"https:\/\/dpehrtest.pitagoras.robotkireczne.com\/de\/projekte\/adriatic-11\/\">ADRIATIC 11<\/a><\/li><li class=\"elementor-sitemap-item elementor-sitemap-item-projects page_item page-item-26365\"><a href=\"https:\/\/dpehrtest.pitagoras.robotkireczne.com\/de\/projekte\/adriatic-12\/\">ADRIATIC 12<\/a><\/li><li class=\"elementor-sitemap-item elementor-sitemap-item-projects page_item page-item-26479\"><a href=\"https:\/\/dpehrtest.pitagoras.robotkireczne.com\/de\/projekte\/adriatic-13\/\">ADRIATIC 13<\/a><\/li><li class=\"elementor-sitemap-item elementor-sitemap-item-projects page_item page-item-26465\"><a href=\"https:\/\/dpehrtest.pitagoras.robotkireczne.com\/de\/projekte\/adriatic-14\/\">ADRIATIC 14<\/a><\/li><li class=\"elementor-sitemap-item elementor-sitemap-item-projects page_item page-item-26516\"><a href=\"https:\/\/dpehrtest.pitagoras.robotkireczne.com\/de\/projekte\/adriatic-15\/\">ADRIATIC 15<\/a><\/li><li class=\"elementor-sitemap-item elementor-sitemap-item-projects page_item page-item-26557\"><a href=\"https:\/\/dpehrtest.pitagoras.robotkireczne.com\/de\/projekte\/adriatic-16\/\">ADRIATIC 16<\/a><\/li><li class=\"elementor-sitemap-item elementor-sitemap-item-projects page_item page-item-26574\"><a href=\"https:\/\/dpehrtest.pitagoras.robotkireczne.com\/de\/projekte\/adriatic-17\/\">ADRIATIC 17<\/a><\/li><li class=\"elementor-sitemap-item elementor-sitemap-item-projects page_item page-item-26564\"><a href=\"https:\/\/dpehrtest.pitagoras.robotkireczne.com\/de\/projekte\/adriatic-18\/\">ADRIATIC 18<\/a><\/li><li class=\"elementor-sitemap-item elementor-sitemap-item-projects page_item page-item-26540\"><a href=\"https:\/\/dpehrtest.pitagoras.robotkireczne.com\/de\/projekte\/adriatic-19\/\">ADRIATIC 19<\/a><\/li><li class=\"elementor-sitemap-item elementor-sitemap-item-projects page_item page-item-26456\"><a href=\"https:\/\/dpehrtest.pitagoras.robotkireczne.com\/de\/projekte\/adriatic-2\/\">ADRIATIC 2<\/a><\/li><li class=\"elementor-sitemap-item elementor-sitemap-item-projects page_item page-item-26594\"><a href=\"https:\/\/dpehrtest.pitagoras.robotkireczne.com\/de\/projekte\/adriatic-20\/\">ADRIATIC 20<\/a><\/li><li class=\"elementor-sitemap-item elementor-sitemap-item-projects page_item page-item-26669\"><a href=\"https:\/\/dpehrtest.pitagoras.robotkireczne.com\/de\/projekte\/adriatic-21\/\">ADRIATIC 21<\/a><\/li><li class=\"elementor-sitemap-item elementor-sitemap-item-projects page_item page-item-26792\"><a href=\"https:\/\/dpehrtest.pitagoras.robotkireczne.com\/de\/projekte\/adriatic-22\/\">ADRIATIC 22<\/a><\/li><li class=\"elementor-sitemap-item elementor-sitemap-item-projects page_item page-item-25434\"><a href=\"https:\/\/dpehrtest.pitagoras.robotkireczne.com\/de\/projekte\/adriatic-3\/\">ADRIATIC 3<\/a><\/li><li class=\"elementor-sitemap-item elementor-sitemap-item-projects page_item page-item-26448\"><a href=\"https:\/\/dpehrtest.pitagoras.robotkireczne.com\/de\/projekte\/adriatic-4\/\">ADRIATIC 4<\/a><\/li><li class=\"elementor-sitemap-item elementor-sitemap-item-projects page_item page-item-26363\"><a href=\"https:\/\/dpehrtest.pitagoras.robotkireczne.com\/de\/projekte\/adriatic-5\/\">ADRIATIC 5<\/a><\/li><li class=\"elementor-sitemap-item elementor-sitemap-item-projects page_item page-item-26328\"><a href=\"https:\/\/dpehrtest.pitagoras.robotkireczne.com\/de\/projekte\/adriatic-6\/\">ADRIATIC 6<\/a><\/li><li class=\"elementor-sitemap-item elementor-sitemap-item-projects page_item page-item-26480\"><a href=\"https:\/\/dpehrtest.pitagoras.robotkireczne.com\/de\/projekte\/adriatic-7\/\">ADRIATIC 7<\/a><\/li><li class=\"elementor-sitemap-item elementor-sitemap-item-projects page_item page-item-26471\"><a href=\"https:\/\/dpehrtest.pitagoras.robotkireczne.com\/de\/projekte\/adriatic-8\/\">ADRIATIC 8<\/a><\/li><li class=\"elementor-sitemap-item elementor-sitemap-item-projects page_item page-item-26611\"><a href=\"https:\/\/dpehrtest.pitagoras.robotkireczne.com\/de\/projekte\/adriatic-9\/\">ADRIATIC 9<\/a><\/li><li class=\"elementor-sitemap-item elementor-sitemap-item-projects page_item page-item-26337\"><a href=\"https:\/\/dpehrtest.pitagoras.robotkireczne.com\/de\/projekte\/eco-63\/\">ECO 63<\/a><\/li><li class=\"elementor-sitemap-item elementor-sitemap-item-projects page_item page-item-28059\"><a href=\"https:\/\/dpehrtest.pitagoras.robotkireczne.com\/de\/projekte\/eco-71\/\">ECO 71<\/a><\/li><li class=\"elementor-sitemap-item elementor-sitemap-item-projects page_item page-item-26852\"><a href=\"https:\/\/dpehrtest.pitagoras.robotkireczne.com\/de\/projekte\/eco-98-flow\/\">ECO 98 Flow<\/a><\/li><li class=\"elementor-sitemap-item elementor-sitemap-item-projects page_item page-item-25462\"><a href=\"https:\/\/dpehrtest.pitagoras.robotkireczne.com\/de\/projekte\/golf\/\">Golf<\/a><\/li><li class=\"elementor-sitemap-item elementor-sitemap-item-projects page_item page-item-26791\"><a href=\"https:\/\/dpehrtest.pitagoras.robotkireczne.com\/de\/projekte\/innovator\/\">Innovator<\/a><\/li><li class=\"elementor-sitemap-item elementor-sitemap-item-projects page_item page-item-26729\"><a href=\"https:\/\/dpehrtest.pitagoras.robotkireczne.com\/de\/projekte\/judo\/\">Judo<\/a><\/li><li class=\"elementor-sitemap-item elementor-sitemap-item-projects page_item page-item-26656\"><a href=\"https:\/\/dpehrtest.pitagoras.robotkireczne.com\/de\/projekte\/maverick\/\">Mutterloses Kalb<\/a><\/li><li class=\"elementor-sitemap-item elementor-sitemap-item-projects page_item page-item-26685\"><a href=\"https:\/\/dpehrtest.pitagoras.robotkireczne.com\/de\/projekte\/vanguard\/\">Vorhut<\/a><\/li><\/ul><\/div><div class=\"elementor-sitemap-section\"><h2 class=\"elementor-sitemap-title elementor-sitemap-plots-title\">Baugrundst\u00fccke<\/h2><ul class=\"elementor-sitemap-list elementor-sitemap-plots-list\"><li class=\"elementor-sitemap-item elementor-sitemap-item-plots page_item page-item-25597\"><a href=\"https:\/\/dpehrtest.pitagoras.robotkireczne.com\/de\/baugrundstucke\/lorem-ipsum-dolor-sit-amet-enim\/\">Lorem ipsum dolor sit amet enim<\/a><\/li><\/ul><\/div><div class=\"elementor-sitemap-section\"><h2 class=\"elementor-sitemap-title elementor-sitemap-delivered-houses-title\">Gelieferte H\u00e4user<\/h2><ul class=\"elementor-sitemap-list elementor-sitemap-delivered-houses-list\"><li class=\"elementor-sitemap-item elementor-sitemap-item-delivered-houses page_item page-item-25537\"><a href=\"https:\/\/dpehrtest.pitagoras.robotkireczne.com\/de\/gelieferte-hauser\/einstoeckiges-haus-mit-ausgebautem-dachboden-und-satteldach\/\">Einst\u00f6ckiges Haus mit ausgebautem Dachboden und Satteldach<\/a><\/li><li class=\"elementor-sitemap-item elementor-sitemap-item-delivered-houses page_item page-item-27260\"><a href=\"https:\/\/dpehrtest.pitagoras.robotkireczne.com\/de\/gelieferte-hauser\/einstoeckiges-haus-mit-einem-huellendach-von-ueber-70-m2\/\">Einst\u00f6ckiges Haus mit einem H\u00fcllendach von \u00fcber 70 m2<\/a><\/li><li class=\"elementor-sitemap-item elementor-sitemap-item-delivered-houses page_item page-item-27159\"><a href=\"https:\/\/dpehrtest.pitagoras.robotkireczne.com\/de\/gelieferte-hauser\/einstoeckiges-haus-mit-flachdach-und-garage-fast-230-m2\/\">Einst\u00f6ckiges Haus mit Flachdach und Garage fast 230 m2<\/a><\/li><li class=\"elementor-sitemap-item elementor-sitemap-item-delivered-houses page_item page-item-26996\"><a href=\"https:\/\/dpehrtest.pitagoras.robotkireczne.com\/de\/gelieferte-hauser\/einstoeckiges-haus-mit-huellendach\/\">Einst\u00f6ckiges Haus mit H\u00fcllendach<\/a><\/li><li class=\"elementor-sitemap-item elementor-sitemap-item-delivered-houses page_item page-item-27280\"><a href=\"https:\/\/dpehrtest.pitagoras.robotkireczne.com\/de\/gelieferte-hauser\/einstockiges-haus-mit-hullendach-2\/\">Einst\u00f6ckiges Haus mit H\u00fcllendach<\/a><\/li><li class=\"elementor-sitemap-item elementor-sitemap-item-delivered-houses page_item page-item-27586\"><a href=\"https:\/\/dpehrtest.pitagoras.robotkireczne.com\/de\/gelieferte-hauser\/einstockiges-haus-mit-hullendach\/\">Einst\u00f6ckiges Haus mit H\u00fcllendach<\/a><\/li><li class=\"elementor-sitemap-item elementor-sitemap-item-delivered-houses page_item page-item-26959\"><a href=\"https:\/\/dpehrtest.pitagoras.robotkireczne.com\/de\/gelieferte-hauser\/einstockiges-haus-mit-hullendach-und-garage\/\">Einst\u00f6ckiges Haus mit H\u00fcllendach und Garage<\/a><\/li><li class=\"elementor-sitemap-item elementor-sitemap-item-delivered-houses page_item page-item-27518\"><a href=\"https:\/\/dpehrtest.pitagoras.robotkireczne.com\/de\/gelieferte-hauser\/einstockiges-haus-mit-hullendach-und-garage-2\/\">Einst\u00f6ckiges Haus mit H\u00fcllendach und Garage<\/a><\/li><li class=\"elementor-sitemap-item elementor-sitemap-item-delivered-houses page_item page-item-27101\"><a href=\"https:\/\/dpehrtest.pitagoras.robotkireczne.com\/de\/gelieferte-hauser\/haus-mit-nutzbarem-dachboden-huellendach-und-garage-weniger-als-320-m2\/\">Haus mit nutzbarem Dachboden, H\u00fcllendach und Garage weniger als 320 m2<\/a><\/li><li class=\"elementor-sitemap-item elementor-sitemap-item-delivered-houses page_item page-item-27122\"><a href=\"https:\/\/dpehrtest.pitagoras.robotkireczne.com\/de\/gelieferte-hauser\/haus-mit-nutzbarem-dachboden-satteldach-und-garage-weniger-als-110-m2\/\">Haus mit nutzbarem Dachboden, Satteldach und Garage weniger als 110 m2<\/a><\/li><li class=\"elementor-sitemap-item elementor-sitemap-item-delivered-houses page_item page-item-27027\"><a href=\"https:\/\/dpehrtest.pitagoras.robotkireczne.com\/de\/gelieferte-hauser\/zweigeschossiges-haus-mit-hullendach-und-garage\/\">Zweigeschossiges Haus mit H\u00fcllendach und Garage<\/a><\/li><li class=\"elementor-sitemap-item elementor-sitemap-item-delivered-houses page_item page-item-27662\"><a href=\"https:\/\/dpehrtest.pitagoras.robotkireczne.com\/de\/gelieferte-hauser\/zweistockiges-haus-mit-flachdach-und-garage\/\">Zweist\u00f6ckiges Haus mit Flachdach und Garage<\/a><\/li><li class=\"elementor-sitemap-item elementor-sitemap-item-delivered-houses page_item page-item-27467\"><a href=\"https:\/\/dpehrtest.pitagoras.robotkireczne.com\/de\/gelieferte-hauser\/zweistockiges-haus-mit-flachdach-und-garage-2\/\">Zweist\u00f6ckiges Haus mit Flachdach und Garage<\/a><\/li><li class=\"elementor-sitemap-item elementor-sitemap-item-delivered-houses page_item page-item-26994\"><a href=\"https:\/\/dpehrtest.pitagoras.robotkireczne.com\/de\/gelieferte-hauser\/zweistoeckiges-haus-mit-flachdach-und-garage\/\">Zweist\u00f6ckiges Haus mit Flachdach und Garage<\/a><\/li><li class=\"elementor-sitemap-item elementor-sitemap-item-delivered-houses page_item page-item-27417\"><a href=\"https:\/\/dpehrtest.pitagoras.robotkireczne.com\/de\/gelieferte-hauser\/zweistockiges-haus-mit-hullendach-und-garage-2\/\">Zweist\u00f6ckiges Haus mit H\u00fcllendach und Garage<\/a><\/li><li class=\"elementor-sitemap-item elementor-sitemap-item-delivered-houses page_item page-item-27262\"><a href=\"https:\/\/dpehrtest.pitagoras.robotkireczne.com\/de\/gelieferte-hauser\/zweistockiges-haus-mit-hullendach-und-garage-3\/\">Zweist\u00f6ckiges Haus mit H\u00fcllendach und Garage<\/a><\/li><li class=\"elementor-sitemap-item elementor-sitemap-item-delivered-houses page_item page-item-27575\"><a href=\"https:\/\/dpehrtest.pitagoras.robotkireczne.com\/de\/gelieferte-hauser\/zweistockiges-haus-mit-hullendach-und-garage\/\">Zweist\u00f6ckiges Haus mit H\u00fcllendach und Garage<\/a><\/li><\/ul><\/div><div class=\"elementor-sitemap-section\"><h2 class=\"elementor-sitemap-title elementor-sitemap-post-title\">Lernzentrum<\/h2><ul class=\"elementor-sitemap-list elementor-sitemap-post-list\"><li class=\"elementor-sitemap-item elementor-sitemap-item-post page_item page-item-25419\"><a href=\"https:\/\/dpehrtest.pitagoras.robotkireczne.com\/de\/lernzentrum\/bauvertrag-ihr-bauplan-fuer-das-bauen-in-kroatien\/\">Bauvertrag: Ihr Bauplan f\u00fcr das Bauen in Kroatien<\/a><\/li><li class=\"elementor-sitemap-item elementor-sitemap-item-post page_item page-item-26950\"><a href=\"https:\/\/dpehrtest.pitagoras.robotkireczne.com\/de\/lernzentrum\/generalunternehmer-vs-heimwerker-bau-ihres-eigenheims-in-kroatien\/\">Generalunternehmer vs. Heimwerker: Bau Ihres Eigenheims in Kroatien<\/a><\/li><li class=\"elementor-sitemap-item elementor-sitemap-item-post page_item page-item-26942\"><a href=\"https:\/\/dpehrtest.pitagoras.robotkireczne.com\/de\/lernzentrum\/so-erhalten-sie-eine-baugenehmigung-fuer-ihr-haus-in-kroatien\/\">So erhalten Sie eine Baugenehmigung f\u00fcr Ihr Haus in Kroatien<\/a><\/li><\/ul><\/div><\/div>\t\t\t\t<\/div>\n\t\t\t\t<\/div>\n\t\t\t\t<\/div>\n\t\t\t\t\t<\/div>\n\t\t\t\t<\/div>\n\t\t\t\t<\/div>\n\t\t","protected":false},"excerpt":{"rendered":"<p>Home Seiten Homepage Hausbau Projekte Baugrundst\u00fcck Gelieferte H\u00e4user Lernzentrum Kontakt Kostenloser Kostenvoranschlag<\/p>\n","protected":false},"author":1,"featured_media":0,"parent":0,"menu_order":0,"comment_status":"closed","ping_status":"closed","template":"","meta":{"_acf_changed":false,"footnotes":""},"class_list":["post-27712","page","type-page","status-publish","hentry"],"acf":[],"metraz":null,"cena-netto-za-m2":null,"construction-cost":null,"floor-area":null,"net-price-from":null,"net-price-per-m2":null,"yoast_head":"<!-- This site is optimized with the Yoast SEO plugin v26.2 - https:\/\/yoast.com\/wordpress\/plugins\/seo\/ -->\n<title>Sitemap &#8211; Domus Navitas<\/title>\n<meta name=\"description\" content=\"Znajd\u017a szybko to, czego szukasz. Przejrzysta i intuicyjna mapa strony pozwoli na nawigacj\u0119 po wszystkich sekcjach witryny. Sprawd\u017a!\" \/>\n<meta name=\"robots\" content=\"index, follow, max-snippet:-1, max-image-preview:large, max-video-preview:-1\" \/>\n<link rel=\"canonical\" href=\"https:\/\/dpehrtest.pitagoras.robotkireczne.com\/de\/sitemap\/\" \/>\n<meta property=\"og:locale\" content=\"de_DE\" \/>\n<meta property=\"og:type\" content=\"article\" \/>\n<meta property=\"og:title\" content=\"Sitemap &#8211; Domus Navitas\" \/>\n<meta property=\"og:description\" content=\"Znajd\u017a szybko to, czego szukasz. Przejrzysta i intuicyjna mapa strony pozwoli na nawigacj\u0119 po wszystkich sekcjach witryny. Sprawd\u017a!\" \/>\n<meta property=\"og:url\" content=\"https:\/\/dpehrtest.pitagoras.robotkireczne.com\/de\/sitemap\/\" \/>\n<meta property=\"og:site_name\" content=\"Domus Navitas\" \/>\n<meta property=\"article:modified_time\" content=\"2025-09-22T08:07:24+00:00\" \/>\n<meta name=\"twitter:card\" content=\"summary_large_image\" \/>\n<meta name=\"twitter:label1\" content=\"Gesch\u00e4tzte Lesezeit\" \/>\n\t<meta name=\"twitter:data1\" content=\"2\u00a0Minuten\" \/>\n<script type=\"application\/ld+json\" class=\"yoast-schema-graph\">{\"@context\":\"https:\/\/schema.org\",\"@graph\":[{\"@type\":\"WebPage\",\"@id\":\"https:\/\/dpehrtest.pitagoras.robotkireczne.com\/de\/sitemap\/\",\"url\":\"https:\/\/dpehrtest.pitagoras.robotkireczne.com\/de\/sitemap\/\",\"name\":\"Sitemap &#8211; Domus Navitas\",\"isPartOf\":{\"@id\":\"https:\/\/dpehrtest.pitagoras.robotkireczne.com\/de\/#website\"},\"datePublished\":\"2022-11-23T11:40:20+00:00\",\"dateModified\":\"2025-09-22T08:07:24+00:00\",\"description\":\"Znajd\u017a szybko to, czego szukasz. Przejrzysta i intuicyjna mapa strony pozwoli na nawigacj\u0119 po wszystkich sekcjach witryny. Sprawd\u017a!\",\"breadcrumb\":{\"@id\":\"https:\/\/dpehrtest.pitagoras.robotkireczne.com\/de\/sitemap\/#breadcrumb\"},\"inLanguage\":\"de\",\"potentialAction\":[{\"@type\":\"ReadAction\",\"target\":[\"https:\/\/dpehrtest.pitagoras.robotkireczne.com\/de\/sitemap\/\"]}]},{\"@type\":\"BreadcrumbList\",\"@id\":\"https:\/\/dpehrtest.pitagoras.robotkireczne.com\/de\/sitemap\/#breadcrumb\",\"itemListElement\":[{\"@type\":\"ListItem\",\"position\":1,\"name\":\"Startseite\",\"item\":\"https:\/\/dpehrtest.pitagoras.robotkireczne.com\/de\/\"},{\"@type\":\"ListItem\",\"position\":2,\"name\":\"Sitemap\"}]},{\"@type\":\"WebSite\",\"@id\":\"https:\/\/dpehrtest.pitagoras.robotkireczne.com\/de\/#website\",\"url\":\"https:\/\/dpehrtest.pitagoras.robotkireczne.com\/de\/\",\"name\":\"Domus Navitas\",\"description\":\"\",\"publisher\":{\"@id\":\"https:\/\/dpehrtest.pitagoras.robotkireczne.com\/de\/#organization\"},\"potentialAction\":[{\"@type\":\"SearchAction\",\"target\":{\"@type\":\"EntryPoint\",\"urlTemplate\":\"https:\/\/dpehrtest.pitagoras.robotkireczne.com\/de\/?s={search_term_string}\"},\"query-input\":{\"@type\":\"PropertyValueSpecification\",\"valueRequired\":true,\"valueName\":\"search_term_string\"}}],\"inLanguage\":\"de\"},{\"@type\":\"Organization\",\"@id\":\"https:\/\/dpehrtest.pitagoras.robotkireczne.com\/de\/#organization\",\"name\":\"Domus Navitas j.d.o.o\",\"alternateName\":\"Domus Navitas\",\"url\":\"https:\/\/dpehrtest.pitagoras.robotkireczne.com\/de\/\",\"logo\":{\"@type\":\"ImageObject\",\"inLanguage\":\"de\",\"@id\":\"https:\/\/dpehrtest.pitagoras.robotkireczne.com\/de\/#\/schema\/logo\/image\/\",\"url\":\"https:\/\/dpehrtest.pitagoras.robotkireczne.com\/wp-content\/uploads\/logo_1.svg\",\"contentUrl\":\"https:\/\/dpehrtest.pitagoras.robotkireczne.com\/wp-content\/uploads\/logo_1.svg\",\"width\":379,\"height\":159,\"caption\":\"Domus Navitas j.d.o.o\"},\"image\":{\"@id\":\"https:\/\/dpehrtest.pitagoras.robotkireczne.com\/de\/#\/schema\/logo\/image\/\"}}]}<\/script>\n<!-- \/ Yoast SEO plugin. -->","yoast_head_json":{"title":"Sitemap &#8211; Domus Navitas","description":"Znajd\u017a szybko to, czego szukasz. Przejrzysta i intuicyjna mapa strony pozwoli na nawigacj\u0119 po wszystkich sekcjach witryny. Sprawd\u017a!","robots":{"index":"index","follow":"follow","max-snippet":"max-snippet:-1","max-image-preview":"max-image-preview:large","max-video-preview":"max-video-preview:-1"},"canonical":"https:\/\/dpehrtest.pitagoras.robotkireczne.com\/de\/sitemap\/","og_locale":"de_DE","og_type":"article","og_title":"Sitemap &#8211; Domus Navitas","og_description":"Znajd\u017a szybko to, czego szukasz. Przejrzysta i intuicyjna mapa strony pozwoli na nawigacj\u0119 po wszystkich sekcjach witryny. Sprawd\u017a!","og_url":"https:\/\/dpehrtest.pitagoras.robotkireczne.com\/de\/sitemap\/","og_site_name":"Domus Navitas","article_modified_time":"2025-09-22T08:07:24+00:00","twitter_card":"summary_large_image","twitter_misc":{"Gesch\u00e4tzte Lesezeit":"2\u00a0Minuten"},"schema":{"@context":"https:\/\/schema.org","@graph":[{"@type":"WebPage","@id":"https:\/\/dpehrtest.pitagoras.robotkireczne.com\/de\/sitemap\/","url":"https:\/\/dpehrtest.pitagoras.robotkireczne.com\/de\/sitemap\/","name":"Sitemap &#8211; Domus Navitas","isPartOf":{"@id":"https:\/\/dpehrtest.pitagoras.robotkireczne.com\/de\/#website"},"datePublished":"2022-11-23T11:40:20+00:00","dateModified":"2025-09-22T08:07:24+00:00","description":"Znajd\u017a szybko to, czego szukasz. Przejrzysta i intuicyjna mapa strony pozwoli na nawigacj\u0119 po wszystkich sekcjach witryny. Sprawd\u017a!","breadcrumb":{"@id":"https:\/\/dpehrtest.pitagoras.robotkireczne.com\/de\/sitemap\/#breadcrumb"},"inLanguage":"de","potentialAction":[{"@type":"ReadAction","target":["https:\/\/dpehrtest.pitagoras.robotkireczne.com\/de\/sitemap\/"]}]},{"@type":"BreadcrumbList","@id":"https:\/\/dpehrtest.pitagoras.robotkireczne.com\/de\/sitemap\/#breadcrumb","itemListElement":[{"@type":"ListItem","position":1,"name":"Startseite","item":"https:\/\/dpehrtest.pitagoras.robotkireczne.com\/de\/"},{"@type":"ListItem","position":2,"name":"Sitemap"}]},{"@type":"WebSite","@id":"https:\/\/dpehrtest.pitagoras.robotkireczne.com\/de\/#website","url":"https:\/\/dpehrtest.pitagoras.robotkireczne.com\/de\/","name":"Domus Navitas","description":"","publisher":{"@id":"https:\/\/dpehrtest.pitagoras.robotkireczne.com\/de\/#organization"},"potentialAction":[{"@type":"SearchAction","target":{"@type":"EntryPoint","urlTemplate":"https:\/\/dpehrtest.pitagoras.robotkireczne.com\/de\/?s={search_term_string}"},"query-input":{"@type":"PropertyValueSpecification","valueRequired":true,"valueName":"search_term_string"}}],"inLanguage":"de"},{"@type":"Organization","@id":"https:\/\/dpehrtest.pitagoras.robotkireczne.com\/de\/#organization","name":"Domus Navitas j.d.o.o","alternateName":"Domus Navitas","url":"https:\/\/dpehrtest.pitagoras.robotkireczne.com\/de\/","logo":{"@type":"ImageObject","inLanguage":"de","@id":"https:\/\/dpehrtest.pitagoras.robotkireczne.com\/de\/#\/schema\/logo\/image\/","url":"https:\/\/dpehrtest.pitagoras.robotkireczne.com\/wp-content\/uploads\/logo_1.svg","contentUrl":"https:\/\/dpehrtest.pitagoras.robotkireczne.com\/wp-content\/uploads\/logo_1.svg","width":379,"height":159,"caption":"Domus Navitas j.d.o.o"},"image":{"@id":"https:\/\/dpehrtest.pitagoras.robotkireczne.com\/de\/#\/schema\/logo\/image\/"}}]}},"_links":{"self":[{"href":"https:\/\/dpehrtest.pitagoras.robotkireczne.com\/de\/wp-json\/wp\/v2\/pages\/27712","targetHints":{"allow":["GET"]}}],"collection":[{"href":"https:\/\/dpehrtest.pitagoras.robotkireczne.com\/de\/wp-json\/wp\/v2\/pages"}],"about":[{"href":"https:\/\/dpehrtest.pitagoras.robotkireczne.com\/de\/wp-json\/wp\/v2\/types\/page"}],"author":[{"embeddable":true,"href":"https:\/\/dpehrtest.pitagoras.robotkireczne.com\/de\/wp-json\/wp\/v2\/users\/1"}],"replies":[{"embeddable":true,"href":"https:\/\/dpehrtest.pitagoras.robotkireczne.com\/de\/wp-json\/wp\/v2\/comments?post=27712"}],"version-history":[{"count":5,"href":"https:\/\/dpehrtest.pitagoras.robotkireczne.com\/de\/wp-json\/wp\/v2\/pages\/27712\/revisions"}],"predecessor-version":[{"id":27724,"href":"https:\/\/dpehrtest.pitagoras.robotkireczne.com\/de\/wp-json\/wp\/v2\/pages\/27712\/revisions\/27724"}],"wp:attachment":[{"href":"https:\/\/dpehrtest.pitagoras.robotkireczne.com\/de\/wp-json\/wp\/v2\/media?parent=27712"}],"curies":[{"name":"wp","href":"https:\/\/api.w.org\/{rel}","templated":true}]}}