{"id":25645,"date":"2025-07-30T09:37:37","date_gmt":"2025-07-30T07:37:37","guid":{"rendered":"https:\/\/dpehrtest.pitagoras.robotkireczne.com\/kontakt\/"},"modified":"2025-10-02T13:38:05","modified_gmt":"2025-10-02T11:38:05","slug":"kontakt","status":"publish","type":"page","link":"https:\/\/dpehrtest.pitagoras.robotkireczne.com\/de\/kontakt\/","title":{"rendered":"Kontakt"},"content":{"rendered":"\t\t<div data-elementor-type=\"wp-page\" data-elementor-id=\"25645\" class=\"elementor elementor-25645 elementor-24158\" data-elementor-post-type=\"page\">\n\t\t\t\t<div class=\"elementor-element elementor-element-4953511 e-flex e-con-boxed e-con e-parent\" data-id=\"4953511\" data-element_type=\"container\">\n\t\t\t\t\t<div class=\"e-con-inner\">\n\t\t<div class=\"elementor-element elementor-element-f43b24d e-con-full e-flex e-con e-child\" data-id=\"f43b24d\" data-element_type=\"container\">\n\t\t\t\t<div class=\"elementor-element elementor-element-5c76335 elementor-widget elementor-widget-global elementor-global-3418 elementor-widget-jet-breadcrumbs\" data-id=\"5c76335\" data-element_type=\"widget\" data-widget_type=\"jet-breadcrumbs.default\">\n\t\t\t\t<div class=\"elementor-widget-container\">\n\t\t\t\t\t<div class=\"elementor-jet-breadcrumbs jet-blocks\">\n\t\t<div class=\"jet-breadcrumbs\">\n\t\t<div class=\"jet-breadcrumbs__content\">\n\t\t<div class=\"jet-breadcrumbs__wrap\"><div class=\"jet-breadcrumbs__item\"><a href=\"https:\/\/dpehrtest.pitagoras.robotkireczne.com\/de\/\" class=\"jet-breadcrumbs__item-link is-home\" rel=\"home\" title=\"Home\">Home<\/a><\/div>\n\t\t<\/div>\n\t\t<\/div>\n\t\t<\/div><\/div>\t\t\t\t<\/div>\n\t\t\t\t<\/div>\n\t\t\t\t<\/div>\n\t\t<div class=\"elementor-element elementor-element-3795735 e-con-full e-flex e-con e-child\" data-id=\"3795735\" data-element_type=\"container\">\n\t\t<div class=\"elementor-element elementor-element-4ff53db e-con-full e-flex e-con e-child\" data-id=\"4ff53db\" data-element_type=\"container\">\n\t\t<div class=\"elementor-element elementor-element-d1ddbf2 e-con-full e-grid e-con e-child\" data-id=\"d1ddbf2\" data-element_type=\"container\">\n\t\t\t\t<div class=\"elementor-element elementor-element-22e9937 elementor-widget elementor-widget-heading\" data-id=\"22e9937\" data-element_type=\"widget\" data-widget_type=\"heading.default\">\n\t\t\t\t<div class=\"elementor-widget-container\">\n\t\t\t\t\t<h1 class=\"elementor-heading-title elementor-size-default\">Wie Sie uns erreichen<\/h1>\t\t\t\t<\/div>\n\t\t\t\t<\/div>\n\t\t<div class=\"elementor-element elementor-element-aa4a8cb e-con-full e-flex e-con e-child\" data-id=\"aa4a8cb\" data-element_type=\"container\">\n\t\t\t\t<div class=\"elementor-element elementor-element-4fb5a18 elementor-widget elementor-widget-heading\" data-id=\"4fb5a18\" data-element_type=\"widget\" data-widget_type=\"heading.default\">\n\t\t\t\t<div class=\"elementor-widget-container\">\n\t\t\t\t\t<div class=\"elementor-heading-title elementor-size-default\">Ivana Me\u0161trovi\u0107a 11G, 22000 \u0160ibenik, Croatia<\/div>\t\t\t\t<\/div>\n\t\t\t\t<\/div>\n\t\t\t\t<\/div>\n\t\t\t\t<\/div>\n\t\t<div class=\"elementor-element elementor-element-a5fcbc8 e-con-full e-flex e-con e-child\" data-id=\"a5fcbc8\" data-element_type=\"container\" data-settings=\"{&quot;background_background&quot;:&quot;classic&quot;}\">\n\t\t\t\t<div class=\"elementor-element elementor-element-e8e6660 elementor-widget elementor-widget-google_maps\" data-id=\"e8e6660\" data-element_type=\"widget\" data-widget_type=\"google_maps.default\">\n\t\t\t\t<div class=\"elementor-widget-container\">\n\t\t\t\t\t\t\t<div class=\"elementor-custom-embed\">\n\t\t\t<iframe loading=\"lazy\"\n\t\t\t\t\tsrc=\"https:\/\/maps.google.com\/maps?q=Ivana%20Me%C5%A1trovi%C4%87a%2011%20G%2C%2022000%2C%20SIbenik%2C%20Croatia%20&#038;t=m&#038;z=15&#038;output=embed&#038;iwloc=near\"\n\t\t\t\t\ttitle=\"Ivana Me\u0161trovi\u0107a 11 G, 22000, SIbenik, Croatia \"\n\t\t\t\t\taria-label=\"Ivana Me\u0161trovi\u0107a 11 G, 22000, SIbenik, Croatia \"\n\t\t\t><\/iframe>\n\t\t<\/div>\n\t\t\t\t\t\t<\/div>\n\t\t\t\t<\/div>\n\t\t<div class=\"elementor-element elementor-element-dc9e512 e-con-full e-flex e-con e-child\" data-id=\"dc9e512\" data-element_type=\"container\">\n\t\t<a class=\"elementor-element elementor-element-97e70f4 e-con-full e-flex e-con e-child\" data-id=\"97e70f4\" data-element_type=\"container\" data-settings=\"{&quot;background_background&quot;:&quot;classic&quot;}\" href=\"tel:+385977978337\">\n\t\t\t\t<div class=\"elementor-element elementor-element-5270ea3 elementor-view-default elementor-widget elementor-widget-icon\" data-id=\"5270ea3\" data-element_type=\"widget\" data-widget_type=\"icon.default\">\n\t\t\t\t<div class=\"elementor-widget-container\">\n\t\t\t\t\t\t\t<div class=\"elementor-icon-wrapper\">\n\t\t\t<div class=\"elementor-icon\">\n\t\t\t<svg xmlns=\"http:\/\/www.w3.org\/2000\/svg\" width=\"21\" height=\"22\" viewBox=\"0 0 21 22\" fill=\"none\"><path d=\"M20.4149 15.2586L19.5149 14.3586L19.1149 13.9586L17.8149 12.6586C16.9149 11.6586 15.4149 11.5586 14.4149 12.4586C14.3149 12.5586 14.2149 12.5586 14.2149 12.6586L13.8149 13.0586L12.9149 13.9586C12.3149 13.6586 11.7149 13.2586 11.2149 12.8586C10.4149 12.2586 9.7149 11.5586 9.1149 10.8586C8.8149 10.4586 8.2149 10.4586 7.8149 10.7586C7.4149 11.0586 7.4149 11.6586 7.7149 12.0586C8.4149 12.8586 9.2149 13.6586 10.1149 14.3586C10.9149 14.9586 11.7149 15.4586 12.6149 15.8586H12.7149C13.2149 16.0586 13.7149 15.9586 14.1149 15.5586C14.5149 15.1586 14.8149 14.7586 15.2149 14.4586L15.6149 14.0586C15.7149 13.8586 15.9149 13.8586 16.1149 13.7586C16.3149 13.7586 16.5149 13.8586 16.6149 14.0586L17.9149 15.3586L18.3149 15.7586C18.6149 16.0586 18.9149 16.2586 19.1149 16.5586C19.4149 16.7586 19.4149 17.1586 19.2149 17.3586L19.1149 17.4586L17.5149 19.0586C17.2149 19.3586 16.8149 19.5586 16.3149 19.6586C15.4149 19.6586 14.4149 19.5586 13.5149 19.1586C11.5149 18.3586 9.7149 17.2586 8.1149 15.8586C5.9149 14.0586 4.1149 11.7586 2.8149 9.15858C2.3149 8.15858 2.0149 6.95858 1.9149 5.75858C1.8149 5.05859 2.0149 4.45858 2.5149 4.05858L3.4149 3.15859L4.0149 2.55858C4.2149 2.25858 4.5149 2.25858 4.8149 2.45859C4.9149 2.45859 4.9149 2.45859 5.0149 2.55858L7.5149 5.05858C7.6149 5.15858 7.7149 5.35858 7.7149 5.45858C7.7149 5.65858 7.6149 5.85858 7.4149 5.95858L5.9149 7.55858C5.5149 7.95858 5.5149 8.45858 5.9149 8.85858C6.3149 9.25858 6.8149 9.25858 7.2149 8.85858L8.8149 7.25858C9.3149 6.75858 9.6149 6.15858 9.6149 5.45858C9.6149 4.75858 9.3149 4.15859 8.8149 3.75858L6.3149 1.25859C5.4149 0.258585 3.9149 0.158585 2.9149 1.05859C2.8149 1.05859 2.8149 1.15859 2.7149 1.15859C2.5149 1.45859 2.3149 1.65858 2.1149 1.85859L1.3149 2.65859C0.314901 3.45859 -0.0850985 4.65858 0.0149015 5.85858C0.114901 7.25858 0.614902 8.75858 1.2149 10.0586C2.6149 12.8586 4.5149 15.3586 6.9149 17.3586C8.7149 18.8586 10.7149 20.0586 12.9149 20.9586C13.9149 21.3586 14.9149 21.5586 16.0149 21.5586H16.5149C17.4149 21.4586 18.2149 21.0586 18.8149 20.4586L20.4149 18.8586C21.1149 17.8586 20.9149 16.3586 20.4149 15.2586Z\" fill=\"#30AA4B\"><\/path><\/svg>\t\t\t<\/div>\n\t\t<\/div>\n\t\t\t\t\t\t<\/div>\n\t\t\t\t<\/div>\n\t\t\t\t<div class=\"elementor-element elementor-element-2f42c3d elementor-widget elementor-widget-heading\" data-id=\"2f42c3d\" data-element_type=\"widget\" data-widget_type=\"heading.default\">\n\t\t\t\t<div class=\"elementor-widget-container\">\n\t\t\t\t\t<div class=\"elementor-heading-title elementor-size-default\">+385 97 797 8337<\/div>\t\t\t\t<\/div>\n\t\t\t\t<\/div>\n\t\t\t\t<\/a>\n\t\t<a class=\"elementor-element elementor-element-8ed1c7e e-con-full e-flex e-con e-child\" data-id=\"8ed1c7e\" data-element_type=\"container\" data-settings=\"{&quot;background_background&quot;:&quot;classic&quot;}\" href=\"mailto:info@domusnavitas.hr%20\">\n\t\t\t\t<div class=\"elementor-element elementor-element-cb0e8ed elementor-view-default elementor-widget elementor-widget-icon\" data-id=\"cb0e8ed\" data-element_type=\"widget\" data-widget_type=\"icon.default\">\n\t\t\t\t<div class=\"elementor-widget-container\">\n\t\t\t\t\t\t\t<div class=\"elementor-icon-wrapper\">\n\t\t\t<div class=\"elementor-icon\">\n\t\t\t<svg xmlns=\"http:\/\/www.w3.org\/2000\/svg\" width=\"18\" height=\"14\" viewBox=\"0 0 18 14\" fill=\"none\"><g clip-path=\"url(#clip0_425_4699)\"><path d=\"M16.267 0.5H0.952879C0.408377 0.5 0 0.908377 0 1.45288V12.5471C0 13.0916 0.408377 13.5 0.952879 13.5H16.267C16.8115 13.5 17.2199 13.0916 17.2199 12.5471V1.45288C17.2199 0.908377 16.8115 0.5 16.267 0.5ZM15.9267 12.2068H1.29319V1.79319H15.178L8.71204 7.30628L4.01571 3.29058C3.74346 3.08639 3.33508 3.08639 3.13089 3.35864C2.9267 3.63089 2.9267 4.03927 3.19895 4.24346L8.30366 8.59948H9.12042L15.9267 2.74607V12.2068Z\" fill=\"#30AA4B\"><\/path><\/g><defs><clipPath id=\"clip0_425_4699\"><rect width=\"17.2199\" height=\"13\" fill=\"white\" transform=\"translate(0 0.5)\"><\/rect><\/clipPath><\/defs><\/svg>\t\t\t<\/div>\n\t\t<\/div>\n\t\t\t\t\t\t<\/div>\n\t\t\t\t<\/div>\n\t\t\t\t<div class=\"elementor-element elementor-element-e1f70b4 elementor-widget elementor-widget-heading\" data-id=\"e1f70b4\" data-element_type=\"widget\" data-widget_type=\"heading.default\">\n\t\t\t\t<div class=\"elementor-widget-container\">\n\t\t\t\t\t<div class=\"elementor-heading-title elementor-size-default\">info@domusnavitas.hr <\/div>\t\t\t\t<\/div>\n\t\t\t\t<\/div>\n\t\t\t\t<\/a>\n\t\t\t\t<\/div>\n\t\t<div class=\"elementor-element elementor-element-9c01bd6 e-con-full e-flex e-con e-child\" data-id=\"9c01bd6\" data-element_type=\"container\" data-settings=\"{&quot;background_background&quot;:&quot;classic&quot;}\">\n\t\t\t\t<div class=\"elementor-element elementor-element-62b0cc3 elementor-widget elementor-widget-text-editor\" data-id=\"62b0cc3\" data-element_type=\"widget\" data-widget_type=\"text-editor.default\">\n\t\t\t\t<div class=\"elementor-widget-container\">\n\t\t\t\t\t\t\t\t\t<p>Wir bei<strong> Domus Navitas<\/strong> sind der Meinung, dass Ihr Zuhause widerspiegeln sollte, wer Sie sind. Deshalb konzentrieren wir uns darauf, unverwechselbare, ma\u00dfgeschneiderte H\u00e4user zu bauen, die nicht nur optisch auff\u00e4llig, sondern auch praktisch und budgetbewusst sind. <\/p><p>Ganz gleich, ob Sie Ihr Hauptwohnsitz oder ein ruhiges Feriendomizil planen \u2013 wir sind darauf spezialisiert, sowohl dauerhafte als auch Ferienh\u00e4user zu schaffen, die zu Ihrem Lebensstil passen. Wir arbeiten mit erfahrenen Architekten und Innenarchitekten zusammen, um Ihre Ideen in die Realit\u00e4t umzusetzen. Ob Sie bereits genau wissen, was Sie wollen, oder gerade erst am Anfang stehen \u2013 wir bieten flexible Grundrisse und individuelle Gestaltungsm\u00f6glichkeiten, um sicherzustellen, dass Ihr Zuhause, sei es f\u00fcr den Alltag oder f\u00fcr die saisonale Nutzung, Ihren Geschmack und Ihre Bed\u00fcrfnisse widerspiegelt.   <\/p><p>Von der ersten Skizze bis zur endg\u00fcltigen Einrichtung wird jedes Detail sorgf\u00e4ltig entwickelt, um die ideale Balance zwischen Personalisierung und Erschwinglichkeit zu finden.<\/p><p>Bei Domus Navitas stehen offene Kommunikation und Vertrauen im Mittelpunkt unseres Handelns. Wir begleiten Sie w\u00e4hrend des gesamten Prozesses, achten sorgf\u00e4ltig auf Ihr Budget und liefern gleichzeitig au\u00dfergew\u00f6hnliche Qualit\u00e4t und Handwerkskunst. Unsere zukunftsorientierten Methoden erm\u00f6glichen es uns, wirklich individuelle H\u00e4user zu realisieren \u2013 ohne den Aufpreis, der oft mit ma\u00dfgeschneiderter Architektur verbunden ist.   <\/p><p>Lassen Sie uns mehr als nur ein Haus bauen \u2013 lassen Sie uns ein Zuhause oder ein Feriendomizil schaffen, das auf Ihre Lebensweise zugeschnitten ist. Willkommen bei <strong>Domus Navitas,<\/strong> wo Ihre Vision zu Ihrem Zuhause wird. <\/p><p>Domus Navitas ist ein stolzer Teil von <a href=\"https:\/\/www.dpeint.com\/\" target=\"_blank\" rel=\"noopener\"><strong>DPE International,<\/strong> <\/a>dem f\u00fchrenden Generalunternehmer f\u00fcr Einfamilienh\u00e4user in ganz Europa.<\/p>\t\t\t\t\t\t\t\t<\/div>\n\t\t\t\t<\/div>\n\t\t\t\t<\/div>\n\t\t\t\t<div class=\"elementor-element elementor-element-6fd9266 elementor-widget elementor-widget-heading\" data-id=\"6fd9266\" data-element_type=\"widget\" data-widget_type=\"heading.default\">\n\t\t\t\t<div class=\"elementor-widget-container\">\n\t\t\t\t\t<h3 class=\"elementor-heading-title elementor-size-default\">Lernen Sie unser Team kennen<\/h3>\t\t\t\t<\/div>\n\t\t\t\t<\/div>\n\t\t<div class=\"elementor-element elementor-element-3ccc53b e-con-full e-flex e-con e-child\" data-id=\"3ccc53b\" data-element_type=\"container\">\n\t\t\t\t<div class=\"elementor-element elementor-element-9417cc1 elementor-widget__width-initial elementor-position-top elementor-widget elementor-widget-image-box\" data-id=\"9417cc1\" data-element_type=\"widget\" data-widget_type=\"image-box.default\">\n\t\t\t\t<div class=\"elementor-widget-container\">\n\t\t\t\t\t<div class=\"elementor-image-box-wrapper\"><figure class=\"elementor-image-box-img\"><img fetchpriority=\"high\" decoding=\"async\" width=\"800\" height=\"800\" src=\"https:\/\/dpehrtest.pitagoras.robotkireczne.com\/wp-content\/uploads\/marko-1024x1024.webp\" class=\"attachment-large size-large wp-image-28225\" alt=\"\" srcset=\"https:\/\/dpehrtest.pitagoras.robotkireczne.com\/wp-content\/uploads\/marko-1024x1024.webp 1024w, https:\/\/dpehrtest.pitagoras.robotkireczne.com\/wp-content\/uploads\/marko-300x300.webp 300w, https:\/\/dpehrtest.pitagoras.robotkireczne.com\/wp-content\/uploads\/marko-150x150.webp 150w, https:\/\/dpehrtest.pitagoras.robotkireczne.com\/wp-content\/uploads\/marko-768x768.webp 768w, https:\/\/dpehrtest.pitagoras.robotkireczne.com\/wp-content\/uploads\/marko.webp 1080w\" sizes=\"(max-width: 800px) 100vw, 800px\" \/><\/figure><div class=\"elementor-image-box-content\"><h4 class=\"elementor-image-box-title\">Marko Vlahov <span>Gesch\u00e4ftsf\u00fchrer<\/span><br><\/h4><p class=\"elementor-image-box-description\"><a href=\"mailto:marko.vlahov@domusnavitas.hr%20\">marko.vlahov@domusnavitas.hr <\/a><\/p><\/div><\/div>\t\t\t\t<\/div>\n\t\t\t\t<\/div>\n\t\t\t\t<div class=\"elementor-element elementor-element-22aa164 elementor-widget__width-initial elementor-position-top elementor-widget elementor-widget-image-box\" data-id=\"22aa164\" data-element_type=\"widget\" data-widget_type=\"image-box.default\">\n\t\t\t\t<div class=\"elementor-widget-container\">\n\t\t\t\t\t<div class=\"elementor-image-box-wrapper\"><figure class=\"elementor-image-box-img\"><img decoding=\"async\" width=\"800\" height=\"800\" src=\"https:\/\/dpehrtest.pitagoras.robotkireczne.com\/wp-content\/uploads\/toni-1024x1024.webp\" class=\"attachment-large size-large wp-image-28226\" alt=\"\" srcset=\"https:\/\/dpehrtest.pitagoras.robotkireczne.com\/wp-content\/uploads\/toni-1024x1024.webp 1024w, https:\/\/dpehrtest.pitagoras.robotkireczne.com\/wp-content\/uploads\/toni-300x300.webp 300w, https:\/\/dpehrtest.pitagoras.robotkireczne.com\/wp-content\/uploads\/toni-150x150.webp 150w, https:\/\/dpehrtest.pitagoras.robotkireczne.com\/wp-content\/uploads\/toni-768x768.webp 768w, https:\/\/dpehrtest.pitagoras.robotkireczne.com\/wp-content\/uploads\/toni.webp 1080w\" sizes=\"(max-width: 800px) 100vw, 800px\" \/><\/figure><div class=\"elementor-image-box-content\"><h4 class=\"elementor-image-box-title\">Toni Petrina <span>Vertrieb und Marketing<\/span><\/h4><p class=\"elementor-image-box-description\"><a href=\"mailto:toni.petrina@domusnavitas.hr\">toni.petrina@domusnavitas.hr<\/a><\/p><\/div><\/div>\t\t\t\t<\/div>\n\t\t\t\t<\/div>\n\t\t\t\t<\/div>\n\t\t\t\t<\/div>\n\t\t\t\t<\/div>\n\t\t\t\t<\/div>\n\t\t\t\t\t<\/div>\n\t\t\t\t<\/div>\n\t\t\t\t<\/div>\n\t\t","protected":false},"excerpt":{"rendered":"<p>Home Wie Sie uns erreichen Ivana Me\u0161trovi\u0107a 11G, 22000 \u0160ibenik, Croatia +385 97 797 8337 info@domusnavitas.hr Wir bei Domus Navitas sind der Meinung, dass Ihr Zuhause widerspiegeln sollte, wer Sie sind. Deshalb konzentrieren wir uns darauf, unverwechselbare, ma\u00dfgeschneiderte H\u00e4user zu bauen, die nicht nur optisch auff\u00e4llig, sondern auch praktisch und budgetbewusst sind. Ganz gleich, ob [&hellip;]<\/p>\n","protected":false},"author":33,"featured_media":0,"parent":0,"menu_order":0,"comment_status":"closed","ping_status":"closed","template":"","meta":{"_acf_changed":false,"footnotes":""},"class_list":["post-25645","page","type-page","status-publish","hentry"],"acf":[],"metraz":null,"cena-netto-za-m2":null,"construction-cost":null,"floor-area":null,"net-price-from":null,"net-price-per-m2":null,"yoast_head":"<!-- This site is optimized with the Yoast SEO plugin v26.2 - https:\/\/yoast.com\/wordpress\/plugins\/seo\/ -->\n<title>Kontakt &#8211; Domus Navitas<\/title>\n<meta name=\"robots\" content=\"index, follow, max-snippet:-1, max-image-preview:large, max-video-preview:-1\" \/>\n<link rel=\"canonical\" href=\"https:\/\/dpehrtest.pitagoras.robotkireczne.com\/de\/kontakt\/\" \/>\n<meta property=\"og:locale\" content=\"de_DE\" \/>\n<meta property=\"og:type\" content=\"article\" \/>\n<meta property=\"og:title\" content=\"Kontakt &#8211; Domus Navitas\" \/>\n<meta property=\"og:description\" content=\"Home Wie Sie uns erreichen Ivana Me\u0161trovi\u0107a 11G, 22000 \u0160ibenik, Croatia +385 97 797 8337 info@domusnavitas.hr Wir bei Domus Navitas sind der Meinung, dass Ihr Zuhause widerspiegeln sollte, wer Sie sind. Deshalb konzentrieren wir uns darauf, unverwechselbare, ma\u00dfgeschneiderte H\u00e4user zu bauen, die nicht nur optisch auff\u00e4llig, sondern auch praktisch und budgetbewusst sind. Ganz gleich, ob [&hellip;]\" \/>\n<meta property=\"og:url\" content=\"https:\/\/dpehrtest.pitagoras.robotkireczne.com\/de\/kontakt\/\" \/>\n<meta property=\"og:site_name\" content=\"Domus Navitas\" \/>\n<meta property=\"article:modified_time\" content=\"2025-10-02T11:38:05+00:00\" \/>\n<meta property=\"og:image\" content=\"https:\/\/dpehrtest.pitagoras.robotkireczne.com\/wp-content\/uploads\/marko.webp\" \/>\n\t<meta property=\"og:image:width\" content=\"1080\" \/>\n\t<meta property=\"og:image:height\" content=\"1080\" \/>\n\t<meta property=\"og:image:type\" content=\"image\/webp\" \/>\n<meta name=\"twitter:card\" content=\"summary_large_image\" \/>\n<meta name=\"twitter:label1\" content=\"Gesch\u00e4tzte Lesezeit\" \/>\n\t<meta name=\"twitter:data1\" content=\"2\u00a0Minuten\" \/>\n<script type=\"application\/ld+json\" class=\"yoast-schema-graph\">{\"@context\":\"https:\/\/schema.org\",\"@graph\":[{\"@type\":\"WebPage\",\"@id\":\"https:\/\/dpehrtest.pitagoras.robotkireczne.com\/de\/kontakt\/\",\"url\":\"https:\/\/dpehrtest.pitagoras.robotkireczne.com\/de\/kontakt\/\",\"name\":\"Kontakt &#8211; Domus Navitas\",\"isPartOf\":{\"@id\":\"https:\/\/dpehrtest.pitagoras.robotkireczne.com\/de\/#website\"},\"primaryImageOfPage\":{\"@id\":\"https:\/\/dpehrtest.pitagoras.robotkireczne.com\/de\/kontakt\/#primaryimage\"},\"image\":{\"@id\":\"https:\/\/dpehrtest.pitagoras.robotkireczne.com\/de\/kontakt\/#primaryimage\"},\"thumbnailUrl\":\"https:\/\/dpehrtest.pitagoras.robotkireczne.com\/wp-content\/uploads\/marko-1024x1024.webp\",\"datePublished\":\"2025-07-30T07:37:37+00:00\",\"dateModified\":\"2025-10-02T11:38:05+00:00\",\"breadcrumb\":{\"@id\":\"https:\/\/dpehrtest.pitagoras.robotkireczne.com\/de\/kontakt\/#breadcrumb\"},\"inLanguage\":\"de\",\"potentialAction\":[{\"@type\":\"ReadAction\",\"target\":[\"https:\/\/dpehrtest.pitagoras.robotkireczne.com\/de\/kontakt\/\"]}]},{\"@type\":\"ImageObject\",\"inLanguage\":\"de\",\"@id\":\"https:\/\/dpehrtest.pitagoras.robotkireczne.com\/de\/kontakt\/#primaryimage\",\"url\":\"https:\/\/dpehrtest.pitagoras.robotkireczne.com\/wp-content\/uploads\/marko-1024x1024.webp\",\"contentUrl\":\"https:\/\/dpehrtest.pitagoras.robotkireczne.com\/wp-content\/uploads\/marko-1024x1024.webp\"},{\"@type\":\"BreadcrumbList\",\"@id\":\"https:\/\/dpehrtest.pitagoras.robotkireczne.com\/de\/kontakt\/#breadcrumb\",\"itemListElement\":[{\"@type\":\"ListItem\",\"position\":1,\"name\":\"Startseite\",\"item\":\"https:\/\/dpehrtest.pitagoras.robotkireczne.com\/de\/\"},{\"@type\":\"ListItem\",\"position\":2,\"name\":\"Kontakt\"}]},{\"@type\":\"WebSite\",\"@id\":\"https:\/\/dpehrtest.pitagoras.robotkireczne.com\/de\/#website\",\"url\":\"https:\/\/dpehrtest.pitagoras.robotkireczne.com\/de\/\",\"name\":\"Domus Navitas\",\"description\":\"\",\"publisher\":{\"@id\":\"https:\/\/dpehrtest.pitagoras.robotkireczne.com\/de\/#organization\"},\"potentialAction\":[{\"@type\":\"SearchAction\",\"target\":{\"@type\":\"EntryPoint\",\"urlTemplate\":\"https:\/\/dpehrtest.pitagoras.robotkireczne.com\/de\/?s={search_term_string}\"},\"query-input\":{\"@type\":\"PropertyValueSpecification\",\"valueRequired\":true,\"valueName\":\"search_term_string\"}}],\"inLanguage\":\"de\"},{\"@type\":\"Organization\",\"@id\":\"https:\/\/dpehrtest.pitagoras.robotkireczne.com\/de\/#organization\",\"name\":\"Domus Navitas j.d.o.o\",\"alternateName\":\"Domus Navitas\",\"url\":\"https:\/\/dpehrtest.pitagoras.robotkireczne.com\/de\/\",\"logo\":{\"@type\":\"ImageObject\",\"inLanguage\":\"de\",\"@id\":\"https:\/\/dpehrtest.pitagoras.robotkireczne.com\/de\/#\/schema\/logo\/image\/\",\"url\":\"https:\/\/dpehrtest.pitagoras.robotkireczne.com\/wp-content\/uploads\/logo_1.svg\",\"contentUrl\":\"https:\/\/dpehrtest.pitagoras.robotkireczne.com\/wp-content\/uploads\/logo_1.svg\",\"width\":379,\"height\":159,\"caption\":\"Domus Navitas j.d.o.o\"},\"image\":{\"@id\":\"https:\/\/dpehrtest.pitagoras.robotkireczne.com\/de\/#\/schema\/logo\/image\/\"}}]}<\/script>\n<!-- \/ Yoast SEO plugin. -->","yoast_head_json":{"title":"Kontakt &#8211; Domus Navitas","robots":{"index":"index","follow":"follow","max-snippet":"max-snippet:-1","max-image-preview":"max-image-preview:large","max-video-preview":"max-video-preview:-1"},"canonical":"https:\/\/dpehrtest.pitagoras.robotkireczne.com\/de\/kontakt\/","og_locale":"de_DE","og_type":"article","og_title":"Kontakt &#8211; Domus Navitas","og_description":"Home Wie Sie uns erreichen Ivana Me\u0161trovi\u0107a 11G, 22000 \u0160ibenik, Croatia +385 97 797 8337 info@domusnavitas.hr Wir bei Domus Navitas sind der Meinung, dass Ihr Zuhause widerspiegeln sollte, wer Sie sind. Deshalb konzentrieren wir uns darauf, unverwechselbare, ma\u00dfgeschneiderte H\u00e4user zu bauen, die nicht nur optisch auff\u00e4llig, sondern auch praktisch und budgetbewusst sind. Ganz gleich, ob [&hellip;]","og_url":"https:\/\/dpehrtest.pitagoras.robotkireczne.com\/de\/kontakt\/","og_site_name":"Domus Navitas","article_modified_time":"2025-10-02T11:38:05+00:00","og_image":[{"width":1080,"height":1080,"url":"https:\/\/dpehrtest.pitagoras.robotkireczne.com\/wp-content\/uploads\/marko.webp","type":"image\/webp"}],"twitter_card":"summary_large_image","twitter_misc":{"Gesch\u00e4tzte Lesezeit":"2\u00a0Minuten"},"schema":{"@context":"https:\/\/schema.org","@graph":[{"@type":"WebPage","@id":"https:\/\/dpehrtest.pitagoras.robotkireczne.com\/de\/kontakt\/","url":"https:\/\/dpehrtest.pitagoras.robotkireczne.com\/de\/kontakt\/","name":"Kontakt &#8211; Domus Navitas","isPartOf":{"@id":"https:\/\/dpehrtest.pitagoras.robotkireczne.com\/de\/#website"},"primaryImageOfPage":{"@id":"https:\/\/dpehrtest.pitagoras.robotkireczne.com\/de\/kontakt\/#primaryimage"},"image":{"@id":"https:\/\/dpehrtest.pitagoras.robotkireczne.com\/de\/kontakt\/#primaryimage"},"thumbnailUrl":"https:\/\/dpehrtest.pitagoras.robotkireczne.com\/wp-content\/uploads\/marko-1024x1024.webp","datePublished":"2025-07-30T07:37:37+00:00","dateModified":"2025-10-02T11:38:05+00:00","breadcrumb":{"@id":"https:\/\/dpehrtest.pitagoras.robotkireczne.com\/de\/kontakt\/#breadcrumb"},"inLanguage":"de","potentialAction":[{"@type":"ReadAction","target":["https:\/\/dpehrtest.pitagoras.robotkireczne.com\/de\/kontakt\/"]}]},{"@type":"ImageObject","inLanguage":"de","@id":"https:\/\/dpehrtest.pitagoras.robotkireczne.com\/de\/kontakt\/#primaryimage","url":"https:\/\/dpehrtest.pitagoras.robotkireczne.com\/wp-content\/uploads\/marko-1024x1024.webp","contentUrl":"https:\/\/dpehrtest.pitagoras.robotkireczne.com\/wp-content\/uploads\/marko-1024x1024.webp"},{"@type":"BreadcrumbList","@id":"https:\/\/dpehrtest.pitagoras.robotkireczne.com\/de\/kontakt\/#breadcrumb","itemListElement":[{"@type":"ListItem","position":1,"name":"Startseite","item":"https:\/\/dpehrtest.pitagoras.robotkireczne.com\/de\/"},{"@type":"ListItem","position":2,"name":"Kontakt"}]},{"@type":"WebSite","@id":"https:\/\/dpehrtest.pitagoras.robotkireczne.com\/de\/#website","url":"https:\/\/dpehrtest.pitagoras.robotkireczne.com\/de\/","name":"Domus Navitas","description":"","publisher":{"@id":"https:\/\/dpehrtest.pitagoras.robotkireczne.com\/de\/#organization"},"potentialAction":[{"@type":"SearchAction","target":{"@type":"EntryPoint","urlTemplate":"https:\/\/dpehrtest.pitagoras.robotkireczne.com\/de\/?s={search_term_string}"},"query-input":{"@type":"PropertyValueSpecification","valueRequired":true,"valueName":"search_term_string"}}],"inLanguage":"de"},{"@type":"Organization","@id":"https:\/\/dpehrtest.pitagoras.robotkireczne.com\/de\/#organization","name":"Domus Navitas j.d.o.o","alternateName":"Domus Navitas","url":"https:\/\/dpehrtest.pitagoras.robotkireczne.com\/de\/","logo":{"@type":"ImageObject","inLanguage":"de","@id":"https:\/\/dpehrtest.pitagoras.robotkireczne.com\/de\/#\/schema\/logo\/image\/","url":"https:\/\/dpehrtest.pitagoras.robotkireczne.com\/wp-content\/uploads\/logo_1.svg","contentUrl":"https:\/\/dpehrtest.pitagoras.robotkireczne.com\/wp-content\/uploads\/logo_1.svg","width":379,"height":159,"caption":"Domus Navitas j.d.o.o"},"image":{"@id":"https:\/\/dpehrtest.pitagoras.robotkireczne.com\/de\/#\/schema\/logo\/image\/"}}]}},"_links":{"self":[{"href":"https:\/\/dpehrtest.pitagoras.robotkireczne.com\/de\/wp-json\/wp\/v2\/pages\/25645","targetHints":{"allow":["GET"]}}],"collection":[{"href":"https:\/\/dpehrtest.pitagoras.robotkireczne.com\/de\/wp-json\/wp\/v2\/pages"}],"about":[{"href":"https:\/\/dpehrtest.pitagoras.robotkireczne.com\/de\/wp-json\/wp\/v2\/types\/page"}],"author":[{"embeddable":true,"href":"https:\/\/dpehrtest.pitagoras.robotkireczne.com\/de\/wp-json\/wp\/v2\/users\/33"}],"replies":[{"embeddable":true,"href":"https:\/\/dpehrtest.pitagoras.robotkireczne.com\/de\/wp-json\/wp\/v2\/comments?post=25645"}],"version-history":[{"count":6,"href":"https:\/\/dpehrtest.pitagoras.robotkireczne.com\/de\/wp-json\/wp\/v2\/pages\/25645\/revisions"}],"predecessor-version":[{"id":28243,"href":"https:\/\/dpehrtest.pitagoras.robotkireczne.com\/de\/wp-json\/wp\/v2\/pages\/25645\/revisions\/28243"}],"wp:attachment":[{"href":"https:\/\/dpehrtest.pitagoras.robotkireczne.com\/de\/wp-json\/wp\/v2\/media?parent=25645"}],"curies":[{"name":"wp","href":"https:\/\/api.w.org\/{rel}","templated":true}]}}